{"id":5423,"date":"2023-03-30T09:33:21","date_gmt":"2023-03-30T07:33:21","guid":{"rendered":"https:\/\/jgelettrodomestici.it\/?page_id=5423"},"modified":"2023-05-10T12:26:25","modified_gmt":"2023-05-10T10:26:25","slug":"casalinghi","status":"publish","type":"page","link":"https:\/\/jgelettrodomestici.it\/?page_id=5423","title":{"rendered":"Casalinghi"},"content":{"rendered":"\t\t<div data-elementor-type=\"wp-page\" data-elementor-id=\"5423\" class=\"elementor elementor-5423\">\n\t\t\t\t\t\t<section class=\"elementor-section elementor-top-section elementor-element elementor-element-367e59d ot-traditional elementor-section-boxed elementor-section-height-default elementor-section-height-default\" data-id=\"367e59d\" data-element_type=\"section\" data-e-type=\"section\" data-settings=\"{&quot;background_background&quot;:&quot;classic&quot;}\">\n\t\t\t\t\t\t<div class=\"elementor-container elementor-column-gap-default\">\n\t\t\t\t\t<div class=\"elementor-column elementor-col-100 elementor-top-column elementor-element elementor-element-19b873b ot-flex-column-vertical\" data-id=\"19b873b\" data-element_type=\"column\" data-e-type=\"column\">\n\t\t\t<div class=\"elementor-widget-wrap elementor-element-populated\">\n\t\t\t\t\t\t<div class=\"elementor-element elementor-element-a50a81d elementor-widget elementor-widget-slider_revolution\" data-id=\"a50a81d\" data-element_type=\"widget\" data-e-type=\"widget\" data-widget_type=\"slider_revolution.default\">\n\t\t\t\t<div class=\"elementor-widget-container\">\n\t\t\t\t\t\n\t\t<div class=\"wp-block-themepunch-revslider\">\n\t\t\t<!-- START Casalinghi REVOLUTION SLIDER 6.7.32 --><p class=\"rs-p-wp-fix\"><\/p>\n\t\t\t<rs-module-wrap id=\"rev_slider_6_1_wrapper\" data-source=\"gallery\" style=\"visibility:hidden;background:transparent;padding:0;margin:0px auto;margin-top:0;margin-bottom:0;\">\n\t\t\t\t<rs-module id=\"rev_slider_6_1\" style=\"\" data-version=\"6.7.32\">\n\t\t\t\t\t<rs-slides style=\"overflow: hidden; position: absolute;\">\n\t\t\t\t\t\t<rs-slide style=\"position: absolute;\" data-key=\"rs-10\" data-title=\"Slide\" data-in=\"o:0;\" data-out=\"a:false;\">\n\t\t\t\t\t\t\t<img fetchpriority=\"high\" decoding=\"async\" src=\"\/\/jgelettrodomestici.it\/wp-content\/plugins\/revslider\/sr6\/assets\/assets\/dummy.png\" alt=\"\" title=\"casalinghi\" width=\"2000\" height=\"1200\" class=\"rev-slidebg tp-rs-img rs-lazyload\" data-lazyload=\"\/\/jgelettrodomestici.it\/wp-content\/uploads\/2023\/03\/casalinghi.jpg\" data-no-retina>\n<!--\n\t\t\t\t\t\t\t--><rs-layer\n\t\t\t\t\t\t\t\tid=\"slider-6-slide-10-layer-0\" \n\t\t\t\t\t\t\t\tdata-type=\"text\"\n\t\t\t\t\t\t\t\tdata-rsp_ch=\"on\"\n\t\t\t\t\t\t\t\tdata-xy=\"xo:15px;yo:240px,140px,155px,145px;\"\n\t\t\t\t\t\t\t\tdata-text=\"w:normal;s:72,60,48,30;l:80,62,52,42;fw:900;\"\n\t\t\t\t\t\t\t\tdata-frame_0=\"o:1;\"\n\t\t\t\t\t\t\t\tdata-frame_0_chars=\"d:5;x:105%;o:1;rY:45deg;rZ:90deg;\"\n\t\t\t\t\t\t\t\tdata-frame_0_mask=\"u:t;\"\n\t\t\t\t\t\t\t\tdata-frame_1=\"st:500;sp:1000;\"\n\t\t\t\t\t\t\t\tdata-frame_1_chars=\"e:power4.inOut;d:10;rZ:0deg;\"\n\t\t\t\t\t\t\t\tdata-frame_1_mask=\"u:t;\"\n\t\t\t\t\t\t\t\tdata-frame_999=\"o:0;e:power4.inOut;st:w;sp:1000;sR:7500;\"\n\t\t\t\t\t\t\t\tstyle=\"z-index:9;font-family:'Montserrat';\"\n\t\t\t\t\t\t\t>ACCESSORI<br \/>\nPER LA TUA CASA \n\t\t\t\t\t\t\t<\/rs-layer><!--\n\n\t\t\t\t\t\t\t--><rs-layer\n\t\t\t\t\t\t\t\tid=\"slider-6-slide-10-layer-9\" \n\t\t\t\t\t\t\t\tdata-type=\"text\"\n\t\t\t\t\t\t\t\tdata-rsp_ch=\"on\"\n\t\t\t\t\t\t\t\tdata-xy=\"xo:15px;yo:195px,105px,127px,133px;\"\n\t\t\t\t\t\t\t\tdata-text=\"w:normal;s:24,20,15,15;l:36,30,22,13;\"\n\t\t\t\t\t\t\t\tdata-vbility=\"t,t,f,f\"\n\t\t\t\t\t\t\t\tdata-frame_0=\"x:50,42,31,19;\"\n\t\t\t\t\t\t\t\tdata-frame_1=\"sp:1000;\"\n\t\t\t\t\t\t\t\tdata-frame_999=\"o:0;st:w;sR:8000;\"\n\t\t\t\t\t\t\t\tstyle=\"z-index:8;font-family:'Nunito Sans';\"\n\t\t\t\t\t\t\t>J&G - Casa \n\t\t\t\t\t\t\t<\/rs-layer><!--\n-->\t\t\t\t\t<\/rs-slide>\n\t\t\t\t\t<\/rs-slides>\n\t\t\t\t\t<rs-static-layers><!--\n\t\t\t\t\t--><\/rs-static-layers>\n\t\t\t\t<\/rs-module>\n\t\t\t\t<script>\n\t\t\t\t\tsetREVStartSize({c: 'rev_slider_6_1',rl:[1240,1024,778,480],el:[808.993,600,630,600],gw:[1200,1024,768,480],gh:[809,600,630,600],type:'standard',justify:'',layout:'fullwidth',mh:\"0\"});if (window.RS_MODULES!==undefined && window.RS_MODULES.modules!==undefined && window.RS_MODULES.modules[\"revslider61\"]!==undefined) {window.RS_MODULES.modules[\"revslider61\"].once = false;window.revapi6 = undefined;if (window.RS_MODULES.checkMinimal!==undefined) window.RS_MODULES.checkMinimal()}\n\t\t\t\t<\/script>\n\t\t\t<\/rs-module-wrap>\n\t\t\t<!-- END REVOLUTION SLIDER -->\n<\/div>\n\n\t\t\t\t\t\t<\/div>\n\t\t\t\t<\/div>\n\t\t\t\t\t<\/div>\n\t\t<\/div>\n\t\t\t\t\t<\/div>\n\t\t<\/section>\n\t\t\t\t<section class=\"elementor-section elementor-top-section elementor-element elementor-element-b08eca4 elementor-section-content-middle ot-traditional elementor-section-boxed elementor-section-height-default elementor-section-height-default\" data-id=\"b08eca4\" data-element_type=\"section\" data-e-type=\"section\" data-settings=\"{&quot;background_background&quot;:&quot;classic&quot;}\">\n\t\t\t\t\t\t<div class=\"elementor-container elementor-column-gap-extended\">\n\t\t\t\t\t<div class=\"elementor-column elementor-col-50 elementor-top-column elementor-element elementor-element-0cc0bfa ot-flex-column-vertical\" data-id=\"0cc0bfa\" data-element_type=\"column\" data-e-type=\"column\">\n\t\t\t<div class=\"elementor-widget-wrap elementor-element-populated\">\n\t\t\t\t\t\t<div class=\"elementor-element elementor-element-3c47a50 elementor-widget elementor-widget-iheading\" data-id=\"3c47a50\" data-element_type=\"widget\" data-e-type=\"widget\" data-widget_type=\"iheading.default\">\n\t\t\t\t<div class=\"elementor-widget-container\">\n\t\t\t\t\t\t\t<div class=\"ot-heading\">\r\n\t        \t            <span>\/\/ J&G CASA<\/span>\r\n\t        <h2 class=\"main-heading\">Una vasta gamma<br>\ndi accessori per rendere unica la tua casa<\/h2>\t    <\/div>\r\n\t    \t\t\t\t<\/div>\n\t\t\t\t<\/div>\n\t\t\t\t<div class=\"elementor-element elementor-element-a85c693 elementor-widget elementor-widget-text-editor\" data-id=\"a85c693\" data-element_type=\"widget\" data-e-type=\"widget\" data-widget_type=\"text-editor.default\">\n\t\t\t\t<div class=\"elementor-widget-container\">\n\t\t\t\t\t\t\t\t\t<p><strong style=\"color: var( --e-global-color-text );\">Siamo qui per offrirti tutto l\u2019occorrente per rendere la tua casa unica e accogliente<\/strong><span style=\"color: var( --e-global-color-text ); font-weight: var( --e-global-typography-text-font-weight );\">. Siamo convinti che ogni stanza meriti attenzione e noi siamo qui per aiutarti a farlo nel modo migliore, con una vasta gamma di accessori, per la cucina, la camera da letto, il bagno, il soggiorno.<\/span>Il nostro<strong> assortimento di prodotti per la casa <\/strong>\u00e8 selezionato con cura per garantire la massima qualit\u00e0, la funzionalit\u00e0 e l\u2019estetica. Troverai tutto ci\u00f2 di cui hai bisogno, dai piccoli e grandi elettrodomestici alle grandi soluzioni di arredo, passando per oggetti di design e accessori per la casa.<\/p>\t\t\t\t\t\t\t\t<\/div>\n\t\t\t\t<\/div>\n\t\t\t\t<div class=\"elementor-element elementor-element-5f15e64 elementor-align-left elementor-widget elementor-widget-ibutton\" data-id=\"5f15e64\" data-element_type=\"widget\" data-e-type=\"widget\" data-widget_type=\"ibutton.default\">\n\t\t\t\t<div class=\"elementor-widget-container\">\n\t\t\t\t\t\t\t<div class=\"ot-button\">\r\n\t\t\t<a href=\"https:\/\/jgelettrodomestici.it\/?page_id=1370\" class=\"octf-btn octf-btn-primary\">CONTATTACI<\/a>\r\n\t    <\/div>\r\n\t    \t\t\t\t<\/div>\n\t\t\t\t<\/div>\n\t\t\t\t\t<\/div>\n\t\t<\/div>\n\t\t\t\t<div class=\"elementor-column elementor-col-50 elementor-top-column elementor-element elementor-element-8ea675b ot-flex-column-vertical\" data-id=\"8ea675b\" data-element_type=\"column\" data-e-type=\"column\">\n\t\t\t<div class=\"elementor-widget-wrap elementor-element-populated\">\n\t\t\t\t\t\t<div class=\"elementor-element elementor-element-582577b elementor-widget elementor-widget-image\" data-id=\"582577b\" data-element_type=\"widget\" data-e-type=\"widget\" data-widget_type=\"image.default\">\n\t\t\t\t<div class=\"elementor-widget-container\">\n\t\t\t\t\t\t\t\t\t\t\t\t\t\t\t<img decoding=\"async\" width=\"954\" height=\"1024\" src=\"https:\/\/jgelettrodomestici.it\/wp-content\/uploads\/2023\/03\/casalinghi_3-954x1024.jpg\" class=\"attachment-large size-large wp-image-5450\" alt=\"\" srcset=\"https:\/\/jgelettrodomestici.it\/wp-content\/uploads\/2023\/03\/casalinghi_3-954x1024.jpg 954w, https:\/\/jgelettrodomestici.it\/wp-content\/uploads\/2023\/03\/casalinghi_3-280x300.jpg 280w, https:\/\/jgelettrodomestici.it\/wp-content\/uploads\/2023\/03\/casalinghi_3-768x824.jpg 768w, https:\/\/jgelettrodomestici.it\/wp-content\/uploads\/2023\/03\/casalinghi_3-720x772.jpg 720w, https:\/\/jgelettrodomestici.it\/wp-content\/uploads\/2023\/03\/casalinghi_3.jpg 1400w\" sizes=\"(max-width: 954px) 100vw, 954px\" \/>\t\t\t\t\t\t\t\t\t\t\t\t\t\t\t<\/div>\n\t\t\t\t<\/div>\n\t\t\t\t\t<\/div>\n\t\t<\/div>\n\t\t\t\t\t<\/div>\n\t\t<\/section>\n\t\t\t\t<section class=\"elementor-section elementor-top-section elementor-element elementor-element-fd58768 elementor-section-full_width ot-traditional elementor-section-height-default elementor-section-height-default\" data-id=\"fd58768\" data-element_type=\"section\" data-e-type=\"section\" data-settings=\"{&quot;background_background&quot;:&quot;classic&quot;}\">\n\t\t\t\t\t\t<div class=\"elementor-container elementor-column-gap-default\">\n\t\t\t\t\t<div class=\"elementor-column elementor-col-100 elementor-top-column elementor-element elementor-element-9bcbb1b ot-flex-column-vertical\" data-id=\"9bcbb1b\" data-element_type=\"column\" data-e-type=\"column\">\n\t\t\t<div class=\"elementor-widget-wrap elementor-element-populated\">\n\t\t\t\t\t\t<section class=\"elementor-section elementor-inner-section elementor-element elementor-element-2e5c0d5 elementor-section-content-bottom ot-traditional elementor-section-boxed elementor-section-height-default elementor-section-height-default\" data-id=\"2e5c0d5\" data-element_type=\"section\" data-e-type=\"section\">\n\t\t\t\t\t\t<div class=\"elementor-container elementor-column-gap-extended\">\n\t\t\t\t\t<div class=\"elementor-column elementor-col-50 elementor-inner-column elementor-element elementor-element-4cc15f6 ot-flex-column-vertical\" data-id=\"4cc15f6\" data-element_type=\"column\" data-e-type=\"column\">\n\t\t\t<div class=\"elementor-widget-wrap elementor-element-populated\">\n\t\t\t\t\t\t<div class=\"elementor-element elementor-element-26b0bc8 elementor-absolute elementor-widget elementor-widget-iheading\" data-id=\"26b0bc8\" data-element_type=\"widget\" data-e-type=\"widget\" data-settings=\"{&quot;_position&quot;:&quot;absolute&quot;}\" data-widget_type=\"iheading.default\">\n\t\t\t\t<div class=\"elementor-widget-container\">\n\t\t\t\t\t\t\t<div class=\"ot-heading\">\r\n\t        <h2 class=\"main-heading\">Prodotti di qualit\u00e0 <br>\nper ogni tua esigenza<\/h2>\t    <\/div>\r\n\t    \t\t\t\t<\/div>\n\t\t\t\t<\/div>\n\t\t\t\t\t<\/div>\n\t\t<\/div>\n\t\t\t\t<div class=\"elementor-column elementor-col-50 elementor-inner-column elementor-element elementor-element-100accf ot-flex-column-vertical\" data-id=\"100accf\" data-element_type=\"column\" data-e-type=\"column\">\n\t\t\t<div class=\"elementor-widget-wrap elementor-element-populated\">\n\t\t\t\t\t\t<div class=\"elementor-element elementor-element-38dafe1 elementor-widget elementor-widget-text-editor\" data-id=\"38dafe1\" data-element_type=\"widget\" data-e-type=\"widget\" data-widget_type=\"text-editor.default\">\n\t\t\t\t<div class=\"elementor-widget-container\">\n\t\t\t\t\t\t\t\t\t<p>In J&G,<strong> negozio di elettrodomestici a Sassoferrato e online,<\/strong> la qualit\u00e0 e la soddisfazione dei nostri clienti sono la parte pi\u00f9 importante del nostro lavoro. Sappiamo quanto sia importante utilizzare prodotti affidabili e di qualit\u00e0 per prendersi cura della propria casa, e per questo motivo selezioniamo solo i migliori marchi sul mercato.<\/p><p>Siamo fieri di offrire una <strong>vasta gamma di prodotti di qualit\u00e0 per soddisfare ogni tua esigenza<\/strong>, dalla cura semplice della casa alla cucina, grazie a elettrodomestici a basso impatto e funzionali che ti faranno risparmiare tempo, passando per il giardino e il fai da te.<\/p>\t\t\t\t\t\t\t\t<\/div>\n\t\t\t\t<\/div>\n\t\t\t\t\t<\/div>\n\t\t<\/div>\n\t\t\t\t\t<\/div>\n\t\t<\/section>\n\t\t\t\t\t<\/div>\n\t\t<\/div>\n\t\t\t\t\t<\/div>\n\t\t<\/section>\n\t\t\t\t<section class=\"elementor-section elementor-top-section elementor-element elementor-element-a3ec79d ot-traditional elementor-section-boxed elementor-section-height-default elementor-section-height-default\" data-id=\"a3ec79d\" data-element_type=\"section\" data-e-type=\"section\" data-settings=\"{&quot;background_background&quot;:&quot;classic&quot;}\">\n\t\t\t\t\t\t\t<div class=\"elementor-background-overlay\"><\/div>\n\t\t\t\t\t\t\t<div class=\"elementor-container elementor-column-gap-default\">\n\t\t\t\t\t<div class=\"elementor-column elementor-col-100 elementor-top-column elementor-element elementor-element-39c97e6 ot-flex-column-vertical\" data-id=\"39c97e6\" data-element_type=\"column\" data-e-type=\"column\">\n\t\t\t<div class=\"elementor-widget-wrap elementor-element-populated\">\n\t\t\t\t\t\t<div class=\"elementor-element elementor-element-1ce6410 elementor-widget elementor-widget-heading\" data-id=\"1ce6410\" data-element_type=\"widget\" data-e-type=\"widget\" data-widget_type=\"heading.default\">\n\t\t\t\t<div class=\"elementor-widget-container\">\n\t\t\t\t\t<p class=\"elementor-heading-title elementor-size-default\">\/\/ Soluzioni per ogni tua esigenza<\/p>\t\t\t\t<\/div>\n\t\t\t\t<\/div>\n\t\t\t\t<div class=\"elementor-element elementor-element-7f1dfcb elementor-widget elementor-widget-heading\" data-id=\"7f1dfcb\" data-element_type=\"widget\" data-e-type=\"widget\" data-widget_type=\"heading.default\">\n\t\t\t\t<div class=\"elementor-widget-container\">\n\t\t\t\t\t<h2 class=\"elementor-heading-title elementor-size-default\">Vieni in negozio<br> a scoprire tutto ci\u00f2 che ti serve<\/h2>\t\t\t\t<\/div>\n\t\t\t\t<\/div>\n\t\t\t\t<div class=\"elementor-element elementor-element-88937fd elementor-align-center elementor-widget elementor-widget-ibutton\" data-id=\"88937fd\" data-element_type=\"widget\" data-e-type=\"widget\" data-widget_type=\"ibutton.default\">\n\t\t\t\t<div class=\"elementor-widget-container\">\n\t\t\t\t\t\t\t<div class=\"ot-button\">\r\n\t\t\t<a class=\"octf-btn octf-btn-primary\">CHIAMACI SUBITO<\/a>\r\n\t    <\/div>\r\n\t    \t\t\t\t<\/div>\n\t\t\t\t<\/div>\n\t\t\t\t\t<\/div>\n\t\t<\/div>\n\t\t\t\t\t<\/div>\n\t\t<\/section>\n\t\t\t\t<\/div>\n\t\t","protected":false},"excerpt":{"rendered":"<p>\/\/ J&#038;G CASA Una vasta gamma di accessori per rendere unica la tua casa Siamo qui per offrirti tutto l\u2019occorrente per rendere la tua casa unica e accogliente. Siamo convinti che ogni stanza meriti attenzione e noi siamo qui per aiutarti a farlo nel modo migliore, con una vasta gamma di accessori, per la cucina, [&hellip;]<\/p>\n","protected":false},"author":1,"featured_media":0,"parent":0,"menu_order":0,"comment_status":"closed","ping_status":"closed","template":"","meta":{"footnotes":""},"class_list":["post-5423","page","type-page","status-publish","hentry"],"_links":{"self":[{"href":"https:\/\/jgelettrodomestici.it\/index.php?rest_route=\/wp\/v2\/pages\/5423","targetHints":{"allow":["GET"]}}],"collection":[{"href":"https:\/\/jgelettrodomestici.it\/index.php?rest_route=\/wp\/v2\/pages"}],"about":[{"href":"https:\/\/jgelettrodomestici.it\/index.php?rest_route=\/wp\/v2\/types\/page"}],"author":[{"embeddable":true,"href":"https:\/\/jgelettrodomestici.it\/index.php?rest_route=\/wp\/v2\/users\/1"}],"replies":[{"embeddable":true,"href":"https:\/\/jgelettrodomestici.it\/index.php?rest_route=%2Fwp%2Fv2%2Fcomments&post=5423"}],"version-history":[{"count":9,"href":"https:\/\/jgelettrodomestici.it\/index.php?rest_route=\/wp\/v2\/pages\/5423\/revisions"}],"predecessor-version":[{"id":5689,"href":"https:\/\/jgelettrodomestici.it\/index.php?rest_route=\/wp\/v2\/pages\/5423\/revisions\/5689"}],"wp:attachment":[{"href":"https:\/\/jgelettrodomestici.it\/index.php?rest_route=%2Fwp%2Fv2%2Fmedia&parent=5423"}],"curies":[{"name":"wp","href":"https:\/\/api.w.org\/{rel}","templated":true}]}}